{"id":21112,"date":"2024-11-12T11:13:50","date_gmt":"2024-11-12T10:13:50","guid":{"rendered":"https:\/\/vitalstoffversand.com\/produkt\/gen-aakg-l-arginina-alfa-cetoglutarato-21-500-g\/"},"modified":"2026-03-11T14:13:21","modified_gmt":"2026-03-11T13:13:21","slug":"gen-aakg-l-arginina-alfa-cetoglutarato-21-500-g","status":"publish","type":"product","link":"https:\/\/dev.vitalstoffversand.com\/es\/producto\/gen-aakg-l-arginina-alfa-cetoglutarato-21-500-g\/","title":{"rendered":"GEN <br>AAKG &#8211; L-arginina alfa-cetoglutarato 2:1 &#8211; 500 g"},"content":{"rendered":"<p>AAKG es la abreviatura de arginina alfa-cetoglutarato, que se basa en el amino\u00e1cido L-arginina, que es un amino\u00e1cido proteinog\u00e9nico, es decir, formador de prote\u00ednas.<\/p>\n<p>Las personas orientadas al rendimiento y los deportistas en particular tienen una mayor necesidad de arginina, que nuestro organismo no suele poder cubrir con su propia producci\u00f3n.<\/p>\n<p>La AAKG se produce combinando arginina y alfa-cetoglutarato. Esta combinaci\u00f3n aumenta la absorci\u00f3n hasta un 50% en comparaci\u00f3n con la arginina normal.<\/p>\n<p>Nota: La L-arginina alfa-cetoglutarato en polvo suele tener un sabor salado, lo que debe tomarse como una se\u00f1al de la pureza del producto.<\/p>\n<ul>\n<li>Vegano<\/li>\n<li>Sin gluten<\/li>\n<li>Sin lactosa<\/li>\n<li>Sin OGM<\/li>\n<li>Fabricado seg\u00fan los estrictos est\u00e1ndares de calidad de la UE.<\/li>\n<\/ul>\n","protected":false},"excerpt":{"rendered":"<p>AAKG es la abreviatura de arginina alfa-cetoglutarato, que se basa en el amino\u00e1cido L-arginina, que es un amino\u00e1cido proteinog\u00e9nico, es decir, formador de prote\u00ednas. Las personas orientadas al rendimiento y los deportistas en particular tienen una mayor necesidad de arginina, que nuestro organismo no suele poder cubrir con su propia producci\u00f3n. La AAKG se produce [&hellip;]<\/p>\n","protected":false},"featured_media":44215,"template":"","meta":{"_acf_changed":false},"product_brand":[10201],"product_cat":[334,363],"product_tag":[],"class_list":{"0":"post-21112","1":"product","2":"type-product","3":"status-publish","4":"has-post-thumbnail","6":"product_brand-gen-german-elite-nutrition-es","7":"product_cat-aminoacidos","8":"product_cat-productos-de-a-z","10":"first","11":"instock","12":"taxable","13":"shipping-taxable","14":"purchasable","15":"product-type-simple"},"acf":[],"_links":{"self":[{"href":"https:\/\/dev.vitalstoffversand.com\/es\/wp-json\/wp\/v2\/product\/21112","targetHints":{"allow":["GET"]}}],"collection":[{"href":"https:\/\/dev.vitalstoffversand.com\/es\/wp-json\/wp\/v2\/product"}],"about":[{"href":"https:\/\/dev.vitalstoffversand.com\/es\/wp-json\/wp\/v2\/types\/product"}],"wp:featuredmedia":[{"embeddable":true,"href":"https:\/\/dev.vitalstoffversand.com\/es\/wp-json\/wp\/v2\/media\/44215"}],"wp:attachment":[{"href":"https:\/\/dev.vitalstoffversand.com\/es\/wp-json\/wp\/v2\/media?parent=21112"}],"wp:term":[{"taxonomy":"product_brand","embeddable":true,"href":"https:\/\/dev.vitalstoffversand.com\/es\/wp-json\/wp\/v2\/product_brand?post=21112"},{"taxonomy":"product_cat","embeddable":true,"href":"https:\/\/dev.vitalstoffversand.com\/es\/wp-json\/wp\/v2\/product_cat?post=21112"},{"taxonomy":"product_tag","embeddable":true,"href":"https:\/\/dev.vitalstoffversand.com\/es\/wp-json\/wp\/v2\/product_tag?post=21112"}],"curies":[{"name":"wp","href":"https:\/\/api.w.org\/{rel}","templated":true}]}}