{"id":21090,"date":"2024-11-12T11:07:31","date_gmt":"2024-11-12T10:07:31","guid":{"rendered":"https:\/\/vitalstoffversand.com\/produkt\/gen-l-arginina-380-capsulas\/"},"modified":"2026-03-11T14:11:01","modified_gmt":"2026-03-11T13:11:01","slug":"gen-l-arginina-380-capsulas","status":"publish","type":"product","link":"https:\/\/dev.vitalstoffversand.com\/es\/producto\/gen-l-arginina-380-capsulas\/","title":{"rendered":"GEN <br>L-Arginina &#8211; 380 c\u00e1psulas"},"content":{"rendered":"<p>La L-arginina es el \u00fanico amino\u00e1cido que puede formar \u00f3xido n\u00edtrico (NO), importante para controlar los vasos sangu\u00edneos.<\/p>\n<p>La arginina tambi\u00e9n interviene en la formaci\u00f3n de las prote\u00ednas del propio organismo.<\/p>\n<p>Ambas propiedades la hacen interesante tanto para deportistas como para personas preocupadas por su salud.<\/p>\n<ul>\n<li>Vegano<\/li>\n<li>Sin gluten<\/li>\n<li>Sin lactosa<\/li>\n<li>Sin OGM<\/li>\n<li>Fabricado seg\u00fan los estrictos est\u00e1ndares de calidad de la UE.<\/li>\n<\/ul>\n","protected":false},"excerpt":{"rendered":"<p>La L-arginina es el \u00fanico amino\u00e1cido que puede formar \u00f3xido n\u00edtrico (NO), importante para controlar los vasos sangu\u00edneos. La arginina tambi\u00e9n interviene en la formaci\u00f3n de las prote\u00ednas del propio organismo. Ambas propiedades la hacen interesante tanto para deportistas como para personas preocupadas por su salud. Vegano Sin gluten Sin lactosa Sin OGM Fabricado seg\u00fan [&hellip;]<\/p>\n","protected":false},"featured_media":44110,"template":"","meta":{"_acf_changed":false},"product_brand":[10201],"product_cat":[334,363],"product_tag":[],"class_list":{"0":"post-21090","1":"product","2":"type-product","3":"status-publish","4":"has-post-thumbnail","6":"product_brand-gen-german-elite-nutrition-es","7":"product_cat-aminoacidos","8":"product_cat-productos-de-a-z","10":"first","11":"instock","12":"taxable","13":"shipping-taxable","14":"purchasable","15":"product-type-simple"},"acf":[],"_links":{"self":[{"href":"https:\/\/dev.vitalstoffversand.com\/es\/wp-json\/wp\/v2\/product\/21090","targetHints":{"allow":["GET"]}}],"collection":[{"href":"https:\/\/dev.vitalstoffversand.com\/es\/wp-json\/wp\/v2\/product"}],"about":[{"href":"https:\/\/dev.vitalstoffversand.com\/es\/wp-json\/wp\/v2\/types\/product"}],"wp:featuredmedia":[{"embeddable":true,"href":"https:\/\/dev.vitalstoffversand.com\/es\/wp-json\/wp\/v2\/media\/44110"}],"wp:attachment":[{"href":"https:\/\/dev.vitalstoffversand.com\/es\/wp-json\/wp\/v2\/media?parent=21090"}],"wp:term":[{"taxonomy":"product_brand","embeddable":true,"href":"https:\/\/dev.vitalstoffversand.com\/es\/wp-json\/wp\/v2\/product_brand?post=21090"},{"taxonomy":"product_cat","embeddable":true,"href":"https:\/\/dev.vitalstoffversand.com\/es\/wp-json\/wp\/v2\/product_cat?post=21090"},{"taxonomy":"product_tag","embeddable":true,"href":"https:\/\/dev.vitalstoffversand.com\/es\/wp-json\/wp\/v2\/product_tag?post=21090"}],"curies":[{"name":"wp","href":"https:\/\/api.w.org\/{rel}","templated":true}]}}