{"id":21037,"date":"2024-11-12T11:04:15","date_gmt":"2024-11-12T10:04:15","guid":{"rendered":"https:\/\/vitalstoffversand.com\/produkt\/gen-joint-essentials-180-comprimidos\/"},"modified":"2026-03-11T14:05:24","modified_gmt":"2026-03-11T13:05:24","slug":"gen-joint-essentials-180-comprimidos","status":"publish","type":"product","link":"https:\/\/dev.vitalstoffversand.com\/es\/producto\/gen-joint-essentials-180-comprimidos\/","title":{"rendered":"GEN <br>Joint Essentials &#8211; 180 comprimidos"},"content":{"rendered":"<p>Joint Essentials es una f\u00f3rmula compuesta por 8 ingredientes naturales y altamente dosificados que favorecen la salud de las articulaciones.<\/p>\n<p>Las c\u00e1psulas contienen glucosamina, condroitina, MSM, Cissus quadrangularis, incienso, \u00e1cido hialur\u00f3nico, col\u00e1geno y vitamina C.<\/p>\n<ul>\n<li>Sin gluten<\/li>\n<li>Sin lactosa<\/li>\n<li>Sin OGM<\/li>\n<li>Fabricado seg\u00fan los estrictos est\u00e1ndares de calidad de la UE.<\/li>\n<\/ul>\n","protected":false},"excerpt":{"rendered":"<p>Joint Essentials es una f\u00f3rmula compuesta por 8 ingredientes naturales y altamente dosificados que favorecen la salud de las articulaciones. Las c\u00e1psulas contienen glucosamina, condroitina, MSM, Cissus quadrangularis, incienso, \u00e1cido hialur\u00f3nico, col\u00e1geno y vitamina C. Sin gluten Sin lactosa Sin OGM Fabricado seg\u00fan los estrictos est\u00e1ndares de calidad de la UE.<\/p>\n","protected":false},"featured_media":49208,"template":"","meta":{"_acf_changed":false},"product_brand":[10201],"product_cat":[350,363],"product_tag":[],"class_list":{"0":"post-21037","1":"product","2":"type-product","3":"status-publish","4":"has-post-thumbnail","6":"product_brand-gen-german-elite-nutrition-es","7":"product_cat-nutrientes","8":"product_cat-productos-de-a-z","10":"first","11":"instock","12":"taxable","13":"shipping-taxable","14":"purchasable","15":"product-type-simple"},"acf":[],"_links":{"self":[{"href":"https:\/\/dev.vitalstoffversand.com\/es\/wp-json\/wp\/v2\/product\/21037","targetHints":{"allow":["GET"]}}],"collection":[{"href":"https:\/\/dev.vitalstoffversand.com\/es\/wp-json\/wp\/v2\/product"}],"about":[{"href":"https:\/\/dev.vitalstoffversand.com\/es\/wp-json\/wp\/v2\/types\/product"}],"wp:featuredmedia":[{"embeddable":true,"href":"https:\/\/dev.vitalstoffversand.com\/es\/wp-json\/wp\/v2\/media\/49208"}],"wp:attachment":[{"href":"https:\/\/dev.vitalstoffversand.com\/es\/wp-json\/wp\/v2\/media?parent=21037"}],"wp:term":[{"taxonomy":"product_brand","embeddable":true,"href":"https:\/\/dev.vitalstoffversand.com\/es\/wp-json\/wp\/v2\/product_brand?post=21037"},{"taxonomy":"product_cat","embeddable":true,"href":"https:\/\/dev.vitalstoffversand.com\/es\/wp-json\/wp\/v2\/product_cat?post=21037"},{"taxonomy":"product_tag","embeddable":true,"href":"https:\/\/dev.vitalstoffversand.com\/es\/wp-json\/wp\/v2\/product_tag?post=21037"}],"curies":[{"name":"wp","href":"https:\/\/api.w.org\/{rel}","templated":true}]}}