{"id":21008,"date":"2025-01-13T17:49:08","date_gmt":"2025-01-13T16:49:08","guid":{"rendered":"https:\/\/vitalstoffversand.com\/produkt\/bonemis-omega-3-aceite-de-algas-180-capsulas\/"},"modified":"2026-03-11T13:34:43","modified_gmt":"2026-03-11T12:34:43","slug":"bonemis-omega-3-aceite-de-algas-180-capsulas","status":"publish","type":"product","link":"https:\/\/dev.vitalstoffversand.com\/es\/producto\/bonemis-omega-3-aceite-de-algas-180-capsulas\/","title":{"rendered":"Bonemis <br>Omega 3 aceite de algas &#8211; 180 c\u00e1psulas"},"content":{"rendered":"<p>Los \u00e1cidos grasos omega-3 son esenciales para nuestro organismo y se absorben principalmente a trav\u00e9s de los alimentos marinos.<\/p>\n<p>El aceite de algas es la fuente perfecta de omega-3 para todos aquellos que tienen poco pescado de mar en su dieta o evitan por completo el pescado debido a una dieta vegetariana o vegana.<\/p>\n<p>Cada c\u00e1psula contiene 500 mg de aceite de algas, con un contenido del 40 <a href=\"https:\/\/dev.vitalstoffversand.com\/knowledge-base\/docosahexaensaeure-dha\/\" target=\"_blank\" rel=\"noopener\"><strong><span style=\"color: #0000ff;\">\u2192 DHA<\/span><\/strong><\/a> (\u00e1cido docosahexaenoico) y 20% de <a href=\"https:\/\/dev.vitalstoffversand.com\/knowledge-base\/eicosapentaensaeure-und-docosahexaensaeure-epa-dha\/\" target=\"_blank\" rel=\"noopener\"><strong><span style=\"color: #0000ff;\">\u2192 EPA<\/span><\/strong><\/a> (\u00e1cido eicosapentaenoico).<\/p>\n<ul>\n<li>Vegano<\/li>\n<li>Sin gluten<\/li>\n<li>Sin lactosa<\/li>\n<li>Sin OGM<\/li>\n<li>Fabricado seg\u00fan los estrictos est\u00e1ndares de calidad de la UE.<\/li>\n<\/ul>\n","protected":false},"excerpt":{"rendered":"<p>Los \u00e1cidos grasos omega-3 son esenciales para nuestro organismo y se absorben principalmente a trav\u00e9s de los alimentos marinos. El aceite de algas es la fuente perfecta de omega-3 para todos aquellos que tienen poco pescado de mar en su dieta o evitan por completo el pescado debido a una dieta vegetariana o vegana. Cada [&hellip;]<\/p>\n","protected":false},"featured_media":42193,"template":"","meta":{"_acf_changed":false},"product_brand":[10236],"product_cat":[335,363],"product_tag":[],"class_list":{"0":"post-21008","1":"product","2":"type-product","3":"status-publish","4":"has-post-thumbnail","6":"product_brand-bonemis-es","7":"product_cat-acidos-grasos","8":"product_cat-productos-de-a-z","10":"first","11":"instock","12":"taxable","13":"shipping-taxable","14":"purchasable","15":"product-type-simple"},"acf":[],"_links":{"self":[{"href":"https:\/\/dev.vitalstoffversand.com\/es\/wp-json\/wp\/v2\/product\/21008","targetHints":{"allow":["GET"]}}],"collection":[{"href":"https:\/\/dev.vitalstoffversand.com\/es\/wp-json\/wp\/v2\/product"}],"about":[{"href":"https:\/\/dev.vitalstoffversand.com\/es\/wp-json\/wp\/v2\/types\/product"}],"wp:featuredmedia":[{"embeddable":true,"href":"https:\/\/dev.vitalstoffversand.com\/es\/wp-json\/wp\/v2\/media\/42193"}],"wp:attachment":[{"href":"https:\/\/dev.vitalstoffversand.com\/es\/wp-json\/wp\/v2\/media?parent=21008"}],"wp:term":[{"taxonomy":"product_brand","embeddable":true,"href":"https:\/\/dev.vitalstoffversand.com\/es\/wp-json\/wp\/v2\/product_brand?post=21008"},{"taxonomy":"product_cat","embeddable":true,"href":"https:\/\/dev.vitalstoffversand.com\/es\/wp-json\/wp\/v2\/product_cat?post=21008"},{"taxonomy":"product_tag","embeddable":true,"href":"https:\/\/dev.vitalstoffversand.com\/es\/wp-json\/wp\/v2\/product_tag?post=21008"}],"curies":[{"name":"wp","href":"https:\/\/api.w.org\/{rel}","templated":true}]}}