{"id":20994,"date":"2025-01-21T18:27:19","date_gmt":"2025-01-21T17:27:19","guid":{"rendered":"https:\/\/vitalstoffversand.com\/produkt\/alphavitalis-wechselsanft-alternando-suave-complejo-de-principios-activos-120-capsulas\/"},"modified":"2026-03-11T13:30:48","modified_gmt":"2026-03-11T12:30:48","slug":"alphavitalis-wechselsanft-alternando-suave-complejo-de-principios-activos-120-capsulas","status":"publish","type":"product","link":"https:\/\/dev.vitalstoffversand.com\/es\/producto\/alphavitalis-wechselsanft-alternando-suave-complejo-de-principios-activos-120-capsulas\/","title":{"rendered":"alphavitalis <br>Wechselsanft (Alternando suave) Complejo de principios activos &#8211; 120 c\u00e1psulas"},"content":{"rendered":"<p>Wechselsanft Vitalstoffkomplex es una combinaci\u00f3n armonizada de extractos de plantas y vitaminas especialmente desarrollada para las mujeres que atraviesan la menopausia.<\/p>\n<p>Los principios activos ra\u00edz de \u00f1ame, salvia, tr\u00e9bol rojo, hierba de San Juan, cimicifuga racemosa, pimienta de monje y l\u00fapulo, complementados con <a href=\"https:\/\/dev.vitalstoffversand.com\/knowledge-base\/vitamin-b6\/\" target=\"_blank\" rel=\"noopener\"><span style=\"color: #0000ff;\"><strong>\u2192 vitamina B6<\/strong><\/span><\/a>, <a href=\"https:\/\/dev.vitalstoffversand.com\/knowledge-base\/vitamin-b12\/\" target=\"_blank\" rel=\"noopener\"><strong><span style=\"color: #0000ff;\">\u2192 vitamina B12<\/span><\/strong><\/a>, <a href=\"https:\/\/dev.vitalstoffversand.com\/knowledge-base\/vitamin-b9-folat\/\" target=\"_blank\" rel=\"noopener\"><strong>\u2192 \u00e1cido f\u00f3lico<\/strong><\/a> y <a href=\"https:\/\/dev.vitalstoffversand.com\/knowledge-base\/eisen\/\" target=\"_blank\" rel=\"noopener\"><strong><span style=\"color: #0000ff;\">\u2192 hierro<\/span><\/strong><\/a> trabajan &#8220;mano a mano&#8221; cuando se trata de apoyar a las mujeres con s\u00edntomas menop\u00e1usicos.<\/p>\n<ul>\n<li>vegano<\/li>\n<li>Sin gluten<\/li>\n<li>Sin lactosa<\/li>\n<li>Sin OGM<\/li>\n<li>Fabricado seg\u00fan los estrictos est\u00e1ndares de calidad de la UE.<\/li>\n<\/ul>\n","protected":false},"excerpt":{"rendered":"<p>Wechselsanft Vitalstoffkomplex es una combinaci\u00f3n armonizada de extractos de plantas y vitaminas especialmente desarrollada para las mujeres que atraviesan la menopausia. Los principios activos ra\u00edz de \u00f1ame, salvia, tr\u00e9bol rojo, hierba de San Juan, cimicifuga racemosa, pimienta de monje y l\u00fapulo, complementados con \u2192 vitamina B6, \u2192 vitamina B12, \u2192 \u00e1cido f\u00f3lico y \u2192 hierro [&hellip;]<\/p>\n","protected":false},"featured_media":40553,"template":"","meta":{"_acf_changed":false},"product_brand":[10194],"product_cat":[350,363],"product_tag":[],"class_list":{"0":"post-20994","1":"product","2":"type-product","3":"status-publish","4":"has-post-thumbnail","6":"product_brand-alphavitalis-es","7":"product_cat-nutrientes","8":"product_cat-productos-de-a-z","10":"first","11":"instock","12":"taxable","13":"shipping-taxable","14":"purchasable","15":"product-type-simple"},"acf":[],"_links":{"self":[{"href":"https:\/\/dev.vitalstoffversand.com\/es\/wp-json\/wp\/v2\/product\/20994","targetHints":{"allow":["GET"]}}],"collection":[{"href":"https:\/\/dev.vitalstoffversand.com\/es\/wp-json\/wp\/v2\/product"}],"about":[{"href":"https:\/\/dev.vitalstoffversand.com\/es\/wp-json\/wp\/v2\/types\/product"}],"wp:featuredmedia":[{"embeddable":true,"href":"https:\/\/dev.vitalstoffversand.com\/es\/wp-json\/wp\/v2\/media\/40553"}],"wp:attachment":[{"href":"https:\/\/dev.vitalstoffversand.com\/es\/wp-json\/wp\/v2\/media?parent=20994"}],"wp:term":[{"taxonomy":"product_brand","embeddable":true,"href":"https:\/\/dev.vitalstoffversand.com\/es\/wp-json\/wp\/v2\/product_brand?post=20994"},{"taxonomy":"product_cat","embeddable":true,"href":"https:\/\/dev.vitalstoffversand.com\/es\/wp-json\/wp\/v2\/product_cat?post=20994"},{"taxonomy":"product_tag","embeddable":true,"href":"https:\/\/dev.vitalstoffversand.com\/es\/wp-json\/wp\/v2\/product_tag?post=20994"}],"curies":[{"name":"wp","href":"https:\/\/api.w.org\/{rel}","templated":true}]}}