{"id":2543,"date":"2024-08-20T15:52:40","date_gmt":"2024-08-20T13:52:40","guid":{"rendered":"https:\/\/dev.vitalstoffversand.com\/gastos-de-envio-y-entrega\/"},"modified":"2025-10-17T16:02:12","modified_gmt":"2025-10-17T14:02:12","slug":"gastos-de-envio-y-entrega","status":"publish","type":"page","link":"https:\/\/dev.vitalstoffversand.com\/es\/gastos-de-envio-y-entrega\/","title":{"rendered":"Gastos de env\u00edo y entrega"},"content":{"rendered":"\n<h2 class=\"wp-block-heading\">Plazos de entrega<\/h2>\n\n<p><br\/>Alemania: 1 &#8211; 5 d\u00edas<br\/>Otros pa\u00edses: 2 &#8211; 8 d\u00edas<\/p>\n<div class=\"wp-block-image\">\n<figure class=\"alignleft size-full\"><img decoding=\"async\" width=\"241\" height=\"149\" src=\"https:\/\/dev.vitalstoffversand.com\/wp-content\/uploads\/2024\/10\/DHL-Gogreen.png\" alt=\"\" class=\"wp-image-2522\" srcset=\"https:\/\/dev.vitalstoffversand.com\/wp-content\/uploads\/2024\/10\/DHL-Gogreen.png 241w, https:\/\/dev.vitalstoffversand.com\/wp-content\/uploads\/2024\/10\/DHL-Gogreen-64x40.png 64w\" sizes=\"(max-width: 241px) 100vw, 241px\" \/><\/figure>\n<\/div>\n<p><\/p>\n\n<p><\/p>\n\n<p><\/p>\n\n<p><\/p>\n\n<h2 class=\"wp-block-heading\">Gastos de env\u00edo<\/h2>\n\n<p>Adem\u00e1s de los precios indicados de los productos, cobramos una tarifa plana de entrega, de la que se le informar\u00e1 detalladamente en el sistema de cesta de la compra y en la p\u00e1gina de pedido.<\/p>\n\n<p><strong>Alemania:<\/strong><br\/><br\/>5,00 EUR (m\u00e1s IVA dependiente de la cesta de la compra)<br\/>Env\u00edo gratuito a partir de 75 EUR.<\/p>\n\n<p><strong>Uni\u00f3n Europea (UE):<\/strong><br\/><br\/>15,00 EUR (m\u00e1s IVA dependiente de la cesta de la compra)<br\/>Env\u00edo gratuito a partir de 200 EUR.<\/p>\n\n<p><strong>Islandia, Liechtenstein, Noruega, Suiza y el Reino Unido (RU):<\/strong><br\/><br\/>22,00 EUR<sup> *)<\/sup><br\/>Env\u00edo gratuito a partir de 300 EUR. <sup>*)<\/sup><br\/><br\/><sup>*)<\/sup> Los impuestos, derechos de aduana y dem\u00e1s grav\u00e1menes correr\u00e1n a cargo del destinatario en el pa\u00eds de destino.<\/p>\n\n<hr class=\"wp-block-separator has-alpha-channel-opacity is-style-wide\"\/>\n\n<p><strong>Revendedores (todos los pa\u00edses):<\/strong><\/p>\n\n<p> Gastos de env\u00edo por peso<\/p>\n\n<p><\/p>\n","protected":false},"excerpt":{"rendered":"<p>Plazos de entrega Alemania: 1 &#8211; 5 d\u00edasOtros pa\u00edses: 2 &#8211; 8 d\u00edas Gastos de env\u00edo Adem\u00e1s de los precios indicados de los productos, cobramos una tarifa plana de entrega, de la que se le informar\u00e1 detalladamente en el sistema de cesta de la compra y en la p\u00e1gina de pedido. Alemania: 5,00 EUR (m\u00e1s [&hellip;]<\/p>\n","protected":false},"author":1,"featured_media":0,"parent":0,"menu_order":0,"comment_status":"closed","ping_status":"closed","template":"","meta":{"_acf_changed":false,"footnotes":""},"class_list":["post-2543","page","type-page","status-publish","hentry"],"acf":[],"_links":{"self":[{"href":"https:\/\/dev.vitalstoffversand.com\/es\/wp-json\/wp\/v2\/pages\/2543","targetHints":{"allow":["GET"]}}],"collection":[{"href":"https:\/\/dev.vitalstoffversand.com\/es\/wp-json\/wp\/v2\/pages"}],"about":[{"href":"https:\/\/dev.vitalstoffversand.com\/es\/wp-json\/wp\/v2\/types\/page"}],"author":[{"embeddable":true,"href":"https:\/\/dev.vitalstoffversand.com\/es\/wp-json\/wp\/v2\/users\/1"}],"replies":[{"embeddable":true,"href":"https:\/\/dev.vitalstoffversand.com\/es\/wp-json\/wp\/v2\/comments?post=2543"}],"version-history":[{"count":0,"href":"https:\/\/dev.vitalstoffversand.com\/es\/wp-json\/wp\/v2\/pages\/2543\/revisions"}],"wp:attachment":[{"href":"https:\/\/dev.vitalstoffversand.com\/es\/wp-json\/wp\/v2\/media?parent=2543"}],"curies":[{"name":"wp","href":"https:\/\/api.w.org\/{rel}","templated":true}]}}