{"id":19843,"date":"2025-01-07T15:17:32","date_gmt":"2025-01-07T14:17:32","guid":{"rendered":"https:\/\/vitalstoffversand.com\/b2b\/"},"modified":"2025-01-16T17:50:07","modified_gmt":"2025-01-16T16:50:07","slug":"b2b","status":"publish","type":"page","link":"https:\/\/dev.vitalstoffversand.com\/es\/b2b\/","title":{"rendered":"B2B"},"content":{"rendered":"\n<div style=\"height:40px\" aria-hidden=\"true\" class=\"wp-block-spacer\"><\/div>\n\n<p>\u00bfBusca una soluci\u00f3n \u00abtodo en uno\u00bb para un surtido amplio, de alta calidad pero asequible, y quiere evitar costes de mano de obra, gastos de env\u00edo y, posiblemente, valores m\u00ednimos de pedido de muchos socios o proveedores diferentes?<\/p>\n\n<p>Entonces ha venido al lugar adecuado.<\/p>\n\n<div style=\"height:30px\" aria-hidden=\"true\" class=\"wp-block-spacer\"><\/div>\n\n<p class=\"has-medium-font-size\"><strong>M\u00e9dicos, m\u00e9dicos alternativos, terapeutas y miembros de otras profesiones sanitarias<\/strong><\/p>\n\n<ul class=\"wp-block-list\">\n<li>Descuentos atractivos<\/li>\n\n\n\n<li>Acceso a una amplia gama de productos<\/li>\n\n\n\n<li>Sin importe m\u00ednimo de pedido<\/li>\n<\/ul>\n\n<div style=\"height:30px\" aria-hidden=\"true\" class=\"wp-block-spacer\"><\/div>\n\n<p class=\"has-medium-font-size\"><strong>Revendedor<\/strong><\/p>\n\n<ul class=\"wp-block-list\">\n<li>Condiciones de compra atractivas<\/li>\n\n\n\n<li>Acceso a una amplia gama de productos<\/li>\n\n\n\n<li>Pedido m\u00ednimo de s\u00f3lo 150,00 EUR, m\u00e1s IVA <\/li>\n<\/ul>\n\n<div style=\"height:35px\" aria-hidden=\"true\" class=\"wp-block-spacer\"><\/div>\n\n<p>Reg\u00edstrate como <strong>especialista<\/strong> o<strong> revendedor<\/strong>.<\/p>\n\n<p>Para la activaci\u00f3n como cliente B2B se requiere una licencia comercial o una prueba de actividad.<\/p>\n\n<p>Cargue los documentos pertinentes durante el proceso de inscripci\u00f3n o env\u00edelos despu\u00e9s de inscribirse a trav\u00e9s de<br\/>correo electr\u00f3nico a <a href=\"mailto:admin@vitalstoffversand.com\">mail@vitalstoffversand.com<\/a> o <a href=\"mailto:mail@phoenix-dransfeld.de\">mail@phoenix-drogerie.de.<\/a><\/p>\n\n<p>A continuaci\u00f3n, comprobaremos manualmente su cuenta de cliente B2B y la activaremos tras verificarla correctamente.<\/p>\n\n<p>Hasta la activaci\u00f3n, tendr\u00e1 acceso como cliente normal y ver\u00e1 los precios est\u00e1ndar.<\/p>\n\n<p>Esperamos mantener una buena relaci\u00f3n de trabajo.<\/p>\n\n<p><\/p>\n","protected":false},"excerpt":{"rendered":"<p>\u00bfBusca una soluci\u00f3n \u00abtodo en uno\u00bb para un surtido amplio, de alta calidad pero asequible, y quiere evitar costes de mano de obra, gastos de env\u00edo y, posiblemente, valores m\u00ednimos de pedido de muchos socios o proveedores diferentes? Entonces ha venido al lugar adecuado. M\u00e9dicos, m\u00e9dicos alternativos, terapeutas y miembros de otras profesiones sanitarias Revendedor [&hellip;]<\/p>\n","protected":false},"author":1,"featured_media":0,"parent":0,"menu_order":0,"comment_status":"closed","ping_status":"closed","template":"","meta":{"_acf_changed":false,"footnotes":""},"class_list":["post-19843","page","type-page","status-publish","hentry"],"acf":[],"_links":{"self":[{"href":"https:\/\/dev.vitalstoffversand.com\/es\/wp-json\/wp\/v2\/pages\/19843","targetHints":{"allow":["GET"]}}],"collection":[{"href":"https:\/\/dev.vitalstoffversand.com\/es\/wp-json\/wp\/v2\/pages"}],"about":[{"href":"https:\/\/dev.vitalstoffversand.com\/es\/wp-json\/wp\/v2\/types\/page"}],"author":[{"embeddable":true,"href":"https:\/\/dev.vitalstoffversand.com\/es\/wp-json\/wp\/v2\/users\/1"}],"replies":[{"embeddable":true,"href":"https:\/\/dev.vitalstoffversand.com\/es\/wp-json\/wp\/v2\/comments?post=19843"}],"version-history":[{"count":0,"href":"https:\/\/dev.vitalstoffversand.com\/es\/wp-json\/wp\/v2\/pages\/19843\/revisions"}],"wp:attachment":[{"href":"https:\/\/dev.vitalstoffversand.com\/es\/wp-json\/wp\/v2\/media?parent=19843"}],"curies":[{"name":"wp","href":"https:\/\/api.w.org\/{rel}","templated":true}]}}