{"id":19855,"date":"2025-01-07T14:19:05","date_gmt":"2025-01-07T13:19:05","guid":{"rendered":"https:\/\/vitalstoffversand.com\/payment-information\/"},"modified":"2025-08-26T13:22:16","modified_gmt":"2025-08-26T11:22:16","slug":"payment-information","status":"publish","type":"page","link":"https:\/\/dev.vitalstoffversand.com\/en\/payment-information\/","title":{"rendered":"Payment information"},"content":{"rendered":"\n<p><\/p>\n\n<div style=\"height:30px\" aria-hidden=\"true\" class=\"wp-block-spacer\"><\/div>\n\n<h2 class=\"wp-block-heading\">Accepted currencies<\/h2>\n\n<p>We accept payments in <\/p>\n\n<div class=\"wp-block-group is-nowrap is-layout-flex wp-container-core-group-is-layout-6c531013 wp-block-group-is-layout-flex\">\n<p>Euro (EUR &#8211; \u20ac)<br\/>Swiss franc (CHF &#8211; CHF)<br\/>Czech koruna (CZK &#8211; K\u010d\u010d)<br\/>Danish krone (DKK &#8211; kr.)<br\/>Pound sterling (GBP &#8211; \u00a3)<br\/>Hungarian forint (HUF &#8211; Ft)<br\/>Norwegian krone (NOK &#8211; kr)<br\/>Polish z\u0142oty (PLN &#8211; z\u0142)<br\/>Romanian leu (RON &#8211; lei)<br\/>Swedish krona (SEK &#8211; kr)<\/p>\n\n\n\n<p><a href=\"https:\/\/dev.vitalstoffversand.com\/wp-admin\/post-new.php?lang=en&amp;post_type=page&amp;trid=5412&amp;source_lang=de\"><\/a><\/p>\n<\/div>\n\n<div style=\"height:30px\" aria-hidden=\"true\" class=\"wp-block-spacer\"><\/div>\n\n<h2 class=\"wp-block-heading\">Payment fees<\/h2>\n\n<p>We do not charge fees for any of the payment methods offered.<\/p>\n\n<p>Please note: <br\/>Depending on the payment method selected, external costs may arise over which we have no control.<\/p>\n\n<div style=\"height:30px\" aria-hidden=\"true\" class=\"wp-block-spacer\"><\/div>\n\n<h2 class=\"wp-block-heading\">Payment methods<\/h2>\n\n<p><strong>Prepayment by bank transfer:<\/strong><br\/>Transfer the invoice amount to our bank account in advance.<br\/>As soon as your payment has been received, we will dispatch your order immediately.<\/p>\n\n<p><strong>PayPal \/ PayPal Checkout<\/strong>:<br\/>Pay securely, quickly and conveniently with your PayPal account.<br\/>You can also pay by credit card or direct debit without a PayPal account.<br\/>You also have access to features such as \u2018Pay Later\u2019.<br\/><br\/><strong>Amazon Pay<\/strong>:<br\/>Use your payment and shipping information stored with Amazon to pay quickly and securely.<\/p>\n\n<p><strong>Credit cards \/ debit cards<\/strong>:<br\/>We accept all major credit and debit cards. <br\/>Your payment is processed securely and encrypted.<br\/>Payment processing is handled by the payment service providers Stripe or Mollie, which act as technical interfaces between our shop and the respective payment providers.<\/p>\n\n<div style=\"height:20px\" aria-hidden=\"true\" class=\"wp-block-spacer\"><\/div>\n\n<h2 class=\"wp-block-heading\">Additional payment methods via Mollie and Stripe *<\/h2>\n\n<p>*) Einige Zahlungsarten sind l\u00e4nderspezifisch und nicht \u00fcberall verf\u00fcgbar.<\/p>\n\n<ul class=\"wp-block-list\">\n<li><strong>Billie purchase on account (B2B only):<\/strong> <br\/>For registered business customers: Buy now, pay later.<br\/><em>Note: Credit check by Billie possible.<\/em><\/li>\n\n\n\n<li><strong>Trustly<\/strong><br\/>Direct bank transfer without registration \u2013 fast, secure, Europe-wide.<\/li>\n\n\n\n<li><strong>KLARNA Invoice \/ Instalment Purchase:<\/strong> <br\/>Buy now, pay later or in instalments.<br\/><em>Note: Credit check by Klarna possible.<\/em><\/li>\n\n\n\n<li><strong>Riverty<\/strong>: <br\/>Flexible payment options<br\/><em>Note: Credit check by Riverty possible.<\/em><\/li>\n\n\n\n<li><strong>Apple Pay \/ Google Pay \/ Microsoft Pay \/ Chrome Pay:<\/strong> <br\/>Pay directly via your device or browser.<\/li>\n\n\n\n<li><strong>Mobile Pay \/ Swish \/ Twint \/ Satispay<\/strong><br\/>Mobile payment services for fast transactions.<\/li>\n\n\n\n<li><strong>Bancontact \/ Belfius Pay \/ KBC\/CBC<\/strong><br\/>Belgian payment methods for direct bank transfers.<\/li>\n\n\n\n<li><strong>eps \/ Klarna Pay Now \/ iDEAL \/ Multibanco \/ Przelewy24 \/ BLIK<\/strong><br\/>National online transfer methods.<\/li>\n\n\n\n<li><strong>Revolut<\/strong>: <br\/>Digital banking solution for fast and secure payments.<\/li>\n<\/ul>\n\n<div style=\"height:15px\" aria-hidden=\"true\" class=\"wp-block-spacer\"><\/div>\n\n<p class=\"has-medium-font-size\"><strong>Data protection &amp; legal information<\/strong><\/p>\n\n<p>All payments are processed via certified payment service providers and transmitted in encrypted form.<\/p>\n\n<ul class=\"wp-block-list\">\n<li>Further information can be found in our <a href=\"https:\/\/dev.vitalstoffversand.com\/en\/general-terms-and-conditions\/\" data-type=\"page\" data-id=\"30\">General Terms and Conditions<\/a>.<\/li>\n\n\n\n<li>Further information on the processing of your payment data can be found in our <a href=\"https:\/\/dev.vitalstoffversand.com\/en\/privacy-policy\/\" data-type=\"page\" data-id=\"27\">privacy policy<\/a>.<\/li>\n<\/ul>\n\n<p><\/p>\n","protected":false},"excerpt":{"rendered":"<p>Accepted currencies We accept payments in Euro (EUR &#8211; \u20ac)Swiss franc (CHF &#8211; CHF)Czech koruna (CZK &#8211; K\u010d\u010d)Danish krone (DKK &#8211; kr.)Pound sterling (GBP &#8211; \u00a3)Hungarian forint (HUF &#8211; Ft)Norwegian krone (NOK &#8211; kr)Polish z\u0142oty (PLN &#8211; z\u0142)Romanian leu (RON &#8211; lei)Swedish krona (SEK &#8211; kr) Payment fees We do not charge fees for any [&hellip;]<\/p>\n","protected":false},"author":1,"featured_media":0,"parent":0,"menu_order":0,"comment_status":"closed","ping_status":"closed","template":"","meta":{"_acf_changed":false,"footnotes":""},"class_list":["post-19855","page","type-page","status-publish","hentry"],"acf":[],"_links":{"self":[{"href":"https:\/\/dev.vitalstoffversand.com\/en\/wp-json\/wp\/v2\/pages\/19855","targetHints":{"allow":["GET"]}}],"collection":[{"href":"https:\/\/dev.vitalstoffversand.com\/en\/wp-json\/wp\/v2\/pages"}],"about":[{"href":"https:\/\/dev.vitalstoffversand.com\/en\/wp-json\/wp\/v2\/types\/page"}],"author":[{"embeddable":true,"href":"https:\/\/dev.vitalstoffversand.com\/en\/wp-json\/wp\/v2\/users\/1"}],"replies":[{"embeddable":true,"href":"https:\/\/dev.vitalstoffversand.com\/en\/wp-json\/wp\/v2\/comments?post=19855"}],"version-history":[{"count":0,"href":"https:\/\/dev.vitalstoffversand.com\/en\/wp-json\/wp\/v2\/pages\/19855\/revisions"}],"wp:attachment":[{"href":"https:\/\/dev.vitalstoffversand.com\/en\/wp-json\/wp\/v2\/media?parent=19855"}],"curies":[{"name":"wp","href":"https:\/\/api.w.org\/{rel}","templated":true}]}}